{"id":6281,"date":"2019-11-05T09:51:19","date_gmt":"2019-11-05T09:51:19","guid":{"rendered":"https:\/\/aroomiturundus.ee\/?page_id=1156"},"modified":"2024-05-29T12:07:07","modified_gmt":"2024-05-29T12:07:07","slug":"privaatsuspoliitika","status":"publish","type":"page","link":"https:\/\/www.scent.lv\/et\/privaatsuspoliitika\/","title":{"rendered":"Privaatsuspoliitika"},"content":{"rendered":"<p>[et_pb_section fb_built=&#8221;1&#8243; _builder_version=&#8221;4.0.5&#8243;][et_pb_row _builder_version=&#8221;4.0.5&#8243;][et_pb_column type=&#8221;4_4&#8243; _builder_version=&#8221;4.0.5&#8243;][et_pb_text _builder_version=&#8221;4.0.5&#8243; custom_padding=&#8221;17px|||||&#8221; hover_enabled=&#8221;0&#8243;]<\/p>\n<h2 class=\"legal\">Privaatsuspoliitika<\/h2>\n<p>&nbsp;<\/p>\n<h2 class=\"legal\">1. \u00dclds\u00e4tted<\/h2>\n<p><span style=\"font-size: 14px;\">Veebilehte haldab Aroomiturundus O\u00dc (\u201eTeenusepakkuja\u201d). Teenusepakkuja t\u00e4idab kohaldatavaid \u00f5igusakte ning ei avalda Kasutajate ja teiste isikute andmeid ilma antud isiku loata v\u00f5i muu seadusel p\u00f5hineva aluseta. Teenusepakkuja t\u00f6\u00f6tleb vaid neid isikuandmeid, mis on vajalikud teenuse t\u00e4ielikuks teostamiseks ning kogume teavet, et pakkuda paremat teenust.<\/span><\/p>\n<p>Privaatsuspoliitikat kohaldatakse Teenusepakkuja pakutava Teenuse kasutajate (\u201eKasutaja\u201d) isikuandmete t\u00f6\u00f6tlemisel. Privaatsuspoliitika kirjeldab peamisi Teenusepakkuja poolt kasutatavaid isikuandmete t\u00f6\u00f6tlust puudutavaid p\u00f5him\u00f5tteid ja eesm\u00e4rke. Kasutajateks v\u00f5ivad olla Teenusepakkuja f\u00fc\u00fcsilistest isikutest kasutajad v\u00f5i kasutajaks olevate ettev\u00f5tjate esindajad.<\/p>\n<p>Teenusepakkuja Teenus v\u00f5ib sisaldada linke kolmandate osapoolte kodulehtedele v\u00f5i teenuste juurde. Nendel kodulehtedel ja teenustel v\u00f5ib olla Teenusepakkujast erinev privaatsuspoliitika. Teenusepakkuja ei vastuta kolmandate osapoolte privaatsuspoliitika ega tegevusega seotud andmet\u00f6\u00f6tluse eest ning soovitab tutvuda eraldi iga kolmanda osapoole privaatsuspoliitikaga.<\/p>\n<p>&nbsp;<\/p>\n<h2 class=\"legal\">2. T\u00f6\u00f6deldavad isikuandmed ja nende allikad<\/h2>\n<p>Isikuandmete all m\u00f5eldakse mis tahes andmeid tuvastatud v\u00f5i tuvastatava f\u00fc\u00fcsilise isiku kohta, s\u00f5ltumata sellest, millisel kujul v\u00f5i millises vormis need andmed on.<\/p>\n<p>Teenusepakkuja saab t\u00f6\u00f6deldavad isikuandmed Kasutajalt seaduslikul teel seoses teenuste kasutamisega.<\/p>\n<p>Teenusepakkuja v\u00f5ib Kasutaja ja Kasutaja poolt sisestatud isikuandmeid kasutada eelk\u00f5ige Teenuse osutamiseks ning k\u00e4esolevas Privaatsuspoliitikas s\u00e4testatud erijuhtudel.<\/p>\n<p>Teenusepakkuja t\u00f6\u00f6tleb eelk\u00f5ige sellist Kasutaja kohta k\u00e4ivat teavet, mida Kasutaja ise teenust kasutades avaldab ning teavet, mida Teenusepakkuja saab teenuse kasutamise k\u00e4igus, sealhulgas (kuid mitte ainult) j\u00e4rgmisi andmeid:<span style=\"font-size: 14px;\">\u00a0<\/span><\/p>\n<ul>\n<li>Elektroonilised identifitseerimisandmed (nt IP-aadressid, k\u00fcpsised);<\/li>\n<li>Kasutaja ja Teenusepakkuja vaheline kirjavahetus;<\/li>\n<li>Andmed sotsiaalmeediafunktsioonide pakkumiseks ning liikluse anal\u00fc\u00fcsimiseks;<\/li>\n<li>Statistilised demograafilised andmed (nt Kasutaja vanus, sugu, huvialad).<\/li>\n<\/ul>\n<p>&nbsp;<\/p>\n<h2 class=\"legal\">3. Andmete vastutav ja volitatud t\u00f6\u00f6tleja<\/h2>\n<p>Kasutaja andmete vastutav t\u00f6\u00f6tleja on Teenusepakkuja. Teenusepakkuja v\u00f5ib anda andmete kasutamiseks \u00f5iguse volitatud t\u00f6\u00f6tlejatele. Volitatud t\u00f6\u00f6tlejad on:<\/p>\n<ul>\n<li>Google Inc.<\/li>\n<li>Facebook<\/li>\n<\/ul>\n<p>Volitatud t\u00f6\u00f6tlejad t\u00f6\u00f6tlevad andmeid muu hulgas:<\/p>\n<ul>\n<li>teenuse osutamise eesm\u00e4rgil;<\/li>\n<li>turunduslikul eesm\u00e4rgil, v.a juhul, kui Kasutaja on otsustanud teisiti v\u00f5i hiljem vastava n\u00f5usoleku tagasi v\u00f5tnud, teavitades sellest kirjalikku taasesitamist v\u00f5imaldavas vormis;<\/li>\n<li>t\u00e4itmaks \u00f5igusaktidest tulenevaid kohustusi (nt andmete edastamine ametiasutusele).<\/li>\n<\/ul>\n<p>Volitatud t\u00f6\u00f6tleja v\u00f5ib andmeid t\u00f6\u00f6delda \u00fcksnes Teenusepakkuja poolt antud konkreetsete \u00fclesannete t\u00e4itmiseks.<\/p>\n<h2 class=\"legal\">4. Andmete t\u00f6\u00f6tlemise eesm\u00e4rk<\/h2>\n<p>Andmete t\u00f6\u00f6tlemine p\u00f5hineb eelk\u00f5ige Kasutaja poolt Teenusepakkujale antud n\u00f5usolekul t\u00f6\u00f6delda Kasutaja poolt avaldatud andmeid. Teenuse kasutamisega isikuandmeid avaldades annab Kasutaja Teenusepakkujale loa t\u00f6\u00f6delda k\u00f5iki sisestatud andmeid k\u00e4esolevas Privaatsuspoliitikas kirjeldatud ulatuses ja eesm\u00e4rkidel.<\/p>\n<p>Andmete kogumise ja t\u00f6\u00f6tlemise eesm\u00e4rgiks on peamiselt hoida korras, turvata ja vajadusel parandada Veebilehte.\u00a0<span style=\"font-size: 14px;\">Teenusepakkuja ei salvesta<\/span><span style=\"font-size: 14px;\">\u00a0<\/span><b style=\"font-size: 14px;\">kasutaja poolt sisestatud andmeid<\/b><span style=\"font-size: 14px;\">\u00a0<\/span><span style=\"font-size: 14px;\">vaid t\u00f6\u00f6tleb andmeid \u00fcksnes ulatuses, mis on vajalik teenuse osutamiseks.<\/span><\/p>\n<h2 class=\"legal\">5. Profileerimine<\/h2>\n<p>Teenusepakkuja v\u00f5ib kasutada veebilehe Kasutajate statistilisi andmeid selleks, et anal\u00fc\u00fcsida nendega seotud trende ja demograafiat, kuid Teenusepakkuja ei koosta Kasutajate kohta individuaalseid profiile.<\/p>\n<h2 class=\"legal\">6. Andmete edastamine kolmandatele osapooltele<\/h2>\n<p>Teenusepakkuja ei m\u00fc\u00fc, rendi, vaheta ega anna \u00fcldjuhul muul viisil Teenusepakkuja v\u00e4listele isikutele \u00fcle isikuandmeid, liiklusandmeid ega suhtluse sisu ilma Kasutaja n\u00f5usolekuta, v\u00e4lja arvatud<\/p>\n<ul>\n<li>juhul, kui selleks ollakse kohustatud kohaldatavate seaduste kohaselt v\u00f5i<\/li>\n<li>p\u00e4devate asutuste korraldusel v\u00f5i<\/li>\n<li>juhul, kui tekib vajadus kaitsta Teenusepakkuja \u00f5igustatud huve vastavalt kehtivatele seadustele ning<\/li>\n<li>privaatsuspoliitikas s\u00e4testatud juhtudel.<\/li>\n<\/ul>\n<p>&nbsp;<\/p>\n<h2 class=\"legal\">7. Andmete turvalisus<\/h2>\n<p>Teenusepakkuja on rakendanud vajalikke tehnilisi ja organisatoorseid meetmeid isikuandmete kaitsmiseks k\u00f5rvaliste isikute ning tahtmatu v\u00f5i ebaseadusliku kustutamise, muutmise, avalikustamise, edastamise v\u00f5i muu ebaseadusliku t\u00f6\u00f6tlemise eest.<\/p>\n<p>Teenusepakkuja ei vastuta kolmandate isikute ligip\u00e4\u00e4su eest Kasutaja enda kontrolli all olevatele seadmetele, internetile ning selle turvalisusele.<\/p>\n<h2 class=\"legal\">8. Isikuandmete s\u00e4ilitamine<\/h2>\n<p>Teenusepakkuja ei s\u00e4ilita Kasutaja poolt sisestatud isikuandmeid. F\u00fc\u00fcsiliste isikutega seotud kirjavahetust s\u00e4ilitatakse \u00fcldjuhul kuni kolm aastat.<\/p>\n<h2 class=\"legal\">9. K\u00fcpsised<\/h2>\n<p>Veebisaidi n\u00f5uetekohaseks toimimiseks salvestab Teenusepakkuja m\u00f5nikord Kasutaja seadmesse v\u00e4ikseid andmefaile \u2013 nn k\u00fcpsiseid. Enamik suurtest veebisaitidest teeb seda samuti.<\/p>\n<p>\u00d5iguslik alus k\u00fcpsiste kasutamiseks on Teenusepakkuja \u00f5igustatud huvi tagada veebilehe tehniline funktsionaalsus. Kui k\u00fcpsiseid kasutatakse Kasutaja valikute meeles pidamiseks v\u00f5i statistilistel eesm\u00e4rkidel, siis on \u00f5iguslikuks aluseks Kasutaja n\u00f5usolek.<\/p>\n<p><b>Mis on k\u00fcpsised?<\/b><\/p>\n<p>K\u00fcpsis on v\u00e4ike tekstifail, mille veebisait salvestab kasutaja arvutisse v\u00f5i mobiilseadmesse, kui kasutaja k\u00fclastab teenusepakkuja Veebilehte. See v\u00f5imaldab veebisaidil j\u00e4tta meelde kasutaja toimingud ja eelistused teatud ajavahemikuks. Nii ei pea kasutaja neid iga kord uuesti sisestama, kui Veebilehele tagasi tuleb v\u00f5i lehek\u00fclgi sirvib.<\/p>\n<p><b>Kuidas me k\u00fcpsiseid kasutame?<\/b><\/p>\n<p>Teenusepakkuja v\u00f5ib kasutada k\u00fcpsiseid ja k\u00fcpsistele sarnaseid vahendeid teenuse pakkumiseks ja teenuse kvaliteedi t\u00e4iustamiseks ning kasutajakogemuste parandamiseks. K\u00fcpsiseid v\u00f5ivad kasutada ka kolmandad osapooled, kelle teenuseid Teenusepakkuja kasutab.<\/p>\n<p>Mitmed Teenusepakkuja lehek\u00fcljed kasutavad k\u00fcpsiseid:<\/p>\n<ul>\n<li>sotsiaalmeediafunktsioonide pakkumiseks ning<\/li>\n<li>veebiliikluse anal\u00fc\u00fcsimiseks.<\/li>\n<\/ul>\n<p>Teenusepakkuja v\u00f5ib ka oma sotsiaalmeedia-, reklaami- ja anal\u00fc\u00fcsipartneritele edastada teavet selle kohta, kuidas Kasutaja veebisaiti kasutab. Selliste k\u00fcpsiste rakendamine ei ole otseselt vajalik veebisaidi toimimiseks, kuid see tagab Kasutajale parema sirvimiskogemuse. Kasutaja v\u00f5ib k\u00fcpsised kas kustutada v\u00f5i blokeerida, kuid sellisel juhul ei pruugi k\u00f5ik veebisaidi funktsioonid toimida nii, nagu ette n\u00e4htud. K\u00fcpsised aitavad Teenusepakkujal Teenuseid pakkuda. Teenusepakkuja Teenuseid kasutades n\u00f5ustub Kasutaja, et Teenusepakkuja kasutab k\u00fcpsiseid.<\/p>\n<p><b>Kuidas k\u00fcpsiseid kontrollida?<\/b><\/p>\n<p>Kasutaja v\u00f5ib k\u00fcpsiseid kontrollida ja\/v\u00f5i kustutada vastavalt oma soovile (vt.<span>\u00a0<\/span><a href=\"http:\/\/www.youronlinechoices.com\" target=\"_blank\" rel=\"noopener noreferrer\">www.youronlinechoices.com<\/a>). Kasutaja v\u00f5ib kustutada k\u00f5ik juba Kasutaja arvutis olevad k\u00fcpsised ning k\u00fcpsised mis tahes ajal tagasi l\u00fckata, muutes oma veebilehitseja seadeid (kui veebilehitseja seda v\u00f5imaldab) v\u00f5i l\u00f5petades Teenusepakkuja kodulehek\u00fclje kasutamise. Kasutaja peab olema teadlik, et teatud funktsioone saab pakkuda vaid k\u00fcpsiseid kasutades ja kui Kasutaja otsustab k\u00fcpsistest loobuda, ei pruugi need funktsioonid Kasutajale k\u00e4ttesaadavad olla.<\/p>\n<h2 class=\"legal\">10. Google Analytics<\/h2>\n<p>Teenusepakkuja v\u00f5ib kasutada Google Analytics\u00b4it, veebianal\u00fc\u00fcsi teenust, mida pakub Google, Inc. (1600 Amphitheatre Parkway, Mountain View, CA 94043, USA; \u201eGoogle\u201d). Google Analytics kasutab k\u00fcpsiseid, faile, mis salvestatakse Kasutaja arvutisse, et anal\u00fc\u00fcsida, kuidas Kasutaja Teenust kasutab.<\/p>\n<p>K\u00fcpsistega loodud teave Kasutaja poolt Teenuse kasutamise kohta edastatakse tavaliselt Google serverisse USA-s ja salvestatakse seal. Et Teenusepakkuja on aktiveerinud IP-anon\u00fcmiseerimise, l\u00fchendab Google Kasutaja IP-aadressi (Euroopa Liidu v\u00f5i teiste Euroopa Majanduspiirkonna liikmesriikide puhul).<\/p>\n<p>Teenusepakkuja soovil hakkab Google teavet kasutama, et anal\u00fc\u00fcsida Kasutaja tegevust ja koostada raporteid Teenuse kodulehek\u00fcljel toimuva kohta.<\/p>\n<p>Kasutaja saab k\u00fcpsiste salvestamise Kasutaja arvutisse veebilehitseja s\u00e4tetega keelata, kuid sel juhul ei saa Kasutaja kodulehek\u00fclje k\u00f5iki funktsioone t\u00e4ies ulatuses kasutada.<\/p>\n<p>Kasutaja v\u00f5ib igal ajal keelata oma andmete kogumise Google Analyticsi poolt. Selleks peab Kasutaja j\u00e4rgmiselt veebisaidilt vastava veebilehitseja lisa alla laadima ja selle installeerima:<span>\u00a0<\/span><a href=\"https:\/\/tools.google.com\/dlpage\/gaoptout?hl=en\" target=\"_blank\" rel=\"noopener noreferrer\">tools.google.com\/dlpage\/gaoptout?hl=en<\/a>.<\/p>\n<p>Google Analytics s\u00e4ilitab k\u00fcpsiste, kasutaja identifikaatorite (nt kasutaja-ID) ja reklaamide identifikaatorid (nt DoubleClicki k\u00fcpsised, Androidi reklaamiidentifikaator, Apple&#8217;i reklaamiidentifikaator) 26 kuud.<\/p>\n<p>&nbsp;<\/p>\n<p><span style=\"color: #333333; font-size: 26px;\">11. Facebook<\/span><\/p>\n<p>Teenusepakkuja kodulehek\u00fcljel v\u00f5ivad olla integreeritud Facebooki lisandmoodulid (1601 S. California Avenue, Palo Alto, CA 94304, USA) \u201eMeeldib\u201d ja \u201eJaga\u201d. Facebooki lisandmoodulitest \u00fclevaate saamiseks k\u00fclasta Facebooki kodulehek\u00fclge<span>\u00a0<\/span><a href=\"https:\/\/developers.facebook.com\/docs\/plugins\/\" target=\"_blank\" rel=\"noopener noreferrer\">developers.facebook.com\/docs\/plugins\/<\/a>.<\/p>\n<p>Kui Kasutaja k\u00fclastab Veebilehte luuakse Kasutaja veebilehitseja ja Facebooki serveri vahel otsene side, kasutades neid lisandmooduleid, mille kaudu saab Facebook teavet, et Kasutajal on oma IP-aadressilt ligip\u00e4\u00e4s Teenusepakkuja kodulehek\u00fcljele. Kui Kasutaja on Facebooki sisse logitud ja vajutab \u201eMeeldib\u201d v\u00f5i \u201eJaga\u201d nuppe, saab Kasutaja linkida Teenusepakkuja kodulehek\u00fclje sisu oma Facebooki profiilile, mille kaudu saab Facebook kajastada Teenuse kasutamist Kasutaja seinal. Teenusepakkuja ei saa mingit teavet \u00fclekantud andmete kohta ega selle kasutamise kohta Facebooki poolt. Enam teavet leiab, kui tutvuda Facebooki privaatsuspoliitikaga:<span>\u00a0<\/span><a href=\"https:\/\/www.facebook.com\/about\/privacy\/\" target=\"_blank\" rel=\"noopener noreferrer\">www.facebook.com\/about\/privacy\/<\/a>.<\/p>\n<p>Kui Kasutaja ei soovi, et Kasutaja Facebooki kontol kajastuks Teenusepakkuja lehe k\u00fclastamine, peab Kasutaja logima Facebookist v\u00e4lja.<\/p>\n<h2 class=\"legal\">12. Logid<\/h2>\n<p>Server, mis majutab Teenusepakkuja veebilehte, v\u00f5ib salvestada p\u00e4ringuid, mida Kasutaja serverile teeb (veebiaadress, mida Kasutaja avab, Kasjutaja poolt kasutatav brauser ja seade, IP aadress, juurdep\u00e4\u00e4su aeg). Neid andmeid kasutatakse ainult tehnilistel eesm\u00e4rkidel \u2013 et tagada veebilehe n\u00f5uetekohane toimimine ja turvalisus ning uurida v\u00f5imalikke turvaintsidente.<\/p>\n<h2 class=\"legal\">13. Kasutaja \u00f5igused ja kuidas oma \u00f5igusi teostada<\/h2>\n<p>Kontakteerudes Teenusepakkujaga, v\u00f5ib Kasutaja teostada oma \u00f5igusi j\u00e4rgnevalt:<\/p>\n<ul>\n<li>paluda juurdep\u00e4\u00e4su enda isikuandmetele;<\/li>\n<li>paluda enda isikuandmete parandamist;<\/li>\n<li>paluda enda isikuandmete kustutamist;<\/li>\n<li>v\u00f5tta tagasi oma n\u00f5usolek isikuandmete t\u00f6\u00f6tlemiseks, kui see on asjakohane.<\/li>\n<\/ul>\n<p>M\u00f5nel juhul v\u00f5ib Kasutajal olla \u00f5igus n\u00f5uda Kasutaja isikuandmete t\u00f6\u00f6tlemise piiramist v\u00f5i vaidlustada isikuandmete t\u00f6\u00f6tlemine.<\/p>\n<p>Kasutaja v\u00f5ib oma \u00f5igusi teostada koosk\u00f5las n\u00f5uetega, mis tulenevad kohalduvatest Euroopa Liidu ja kohalikest \u00f5igusaktidest.<\/p>\n<p>Kui isikuandmed on Kasutaja n\u00f5udmisel kustutatud, s\u00e4ilitab Teenusepakkuja ainult sellised koopiad teabest, mis on vajalikud, et kaitsta Teenusepakkuja v\u00f5i kolmandate isikute \u00f5igustatud huve, t\u00e4ita valitsuse korraldusi, lahendada \u00f5igusvaidlusi, teostada t\u00f5rkeotsingut v\u00f5i j\u00f5ustada mis tahes kokkulepet, mille olete Teenusepakkujaga s\u00f5lminud.<\/p>\n<p>Kasutaja v\u00f5ib keelata k\u00fcpsised oma brauseri seadetes v\u00f5i k\u00fclastades veebilehti:<\/p>\n<ul>\n<li><a href=\"https:\/\/tools.google.com\/dlpage\/gaoptout?hl=en\" target=\"_blank\" rel=\"noopener noreferrer\">tools.google.com\/dlpage\/gaoptout?hl=en<\/a><\/li>\n<li><a href=\"https:\/\/www.youronlinechoices.com\/\" target=\"_blank\" rel=\"noopener noreferrer\">www.youronlinechoices.com\/<\/a><\/li>\n<\/ul>\n<h2 class=\"legal\">14. Privaatsuspoliitika muudatused<\/h2>\n<p>Teenusepakkuja v\u00f5ib k\u00e4esolevasse Privaatsuspoliitikasse ja sellega seotud informatsiooni muudatusi teha ilma Kasutajat teavitamata. V\u00f5imalike muudatustega kursis olemiseks soovitab Teenusepakkuja Kasutajal regulaarselt Privaatsuspoliitikaga tutvuda.<\/p>\n<p><span style=\"font-size: 14px;\">Lisateabe saamiseks Privaatsuspoliitika kohta v\u00f5tke Teenusepakkujaga<\/span><span style=\"font-size: 14px;\">\u00a0\u00fchendust e-maili teel: info@aroomiturundus.ee<\/span><\/p>\n<p>Viimati muudetud: 05.11.2019.<\/p>\n<p>[\/et_pb_text][\/et_pb_column][\/et_pb_row][\/et_pb_section]<\/p>\n","protected":false},"excerpt":{"rendered":"<p>Privaatsuspoliitika &nbsp; 1. \u00dclds\u00e4tted Veebilehte haldab Aroomiturundus O\u00dc (\u201eTeenusepakkuja\u201d). Teenusepakkuja t\u00e4idab kohaldatavaid \u00f5igusakte ning ei avalda Kasutajate ja teiste isikute andmeid ilma antud isiku loata v\u00f5i muu seadusel p\u00f5hineva aluseta. Teenusepakkuja t\u00f6\u00f6tleb vaid neid isikuandmeid, mis on vajalikud teenuse t\u00e4ielikuks teostamiseks ning kogume teavet, et pakkuda paremat teenust. Privaatsuspoliitikat kohaldatakse Teenusepakkuja pakutava Teenuse kasutajate (\u201eKasutaja\u201d) [&hellip;]<\/p>\n","protected":false},"author":3,"featured_media":0,"parent":0,"menu_order":0,"comment_status":"closed","ping_status":"closed","template":"","meta":{"_et_pb_use_builder":"on","_et_pb_old_content":"","_et_gb_content_width":"","footnotes":""},"yoast_head":"<!-- This site is optimized with the Yoast SEO plugin v23.2 - https:\/\/yoast.com\/wordpress\/plugins\/seo\/ -->\n<title>Privaatsuspoliitika - Scent.lv<\/title>\n<meta name=\"robots\" content=\"index, follow, max-snippet:-1, max-image-preview:large, max-video-preview:-1\" \/>\n<link rel=\"canonical\" href=\"https:\/\/www.scent.lv\/et\/privaatsuspoliitika\/\" \/>\n<meta property=\"og:locale\" content=\"et_EE\" \/>\n<meta property=\"og:type\" content=\"article\" \/>\n<meta property=\"og:title\" content=\"Privaatsuspoliitika - Scent.lv\" \/>\n<meta property=\"og:description\" content=\"Privaatsuspoliitika &nbsp; 1. \u00dclds\u00e4tted Veebilehte haldab Aroomiturundus O\u00dc (\u201eTeenusepakkuja\u201d). Teenusepakkuja t\u00e4idab kohaldatavaid \u00f5igusakte ning ei avalda Kasutajate ja teiste isikute andmeid ilma antud isiku loata v\u00f5i muu seadusel p\u00f5hineva aluseta. Teenusepakkuja t\u00f6\u00f6tleb vaid neid isikuandmeid, mis on vajalikud teenuse t\u00e4ielikuks teostamiseks ning kogume teavet, et pakkuda paremat teenust. Privaatsuspoliitikat kohaldatakse Teenusepakkuja pakutava Teenuse kasutajate (\u201eKasutaja\u201d) [&hellip;]\" \/>\n<meta property=\"og:url\" content=\"https:\/\/www.scent.lv\/et\/privaatsuspoliitika\/\" \/>\n<meta property=\"og:site_name\" content=\"Scent.lv\" \/>\n<meta property=\"article:modified_time\" content=\"2024-05-29T12:07:07+00:00\" \/>\n<meta name=\"twitter:card\" content=\"summary_large_image\" \/>\n<script type=\"application\/ld+json\" class=\"yoast-schema-graph\">{\"@context\":\"https:\/\/schema.org\",\"@graph\":[{\"@type\":\"WebPage\",\"@id\":\"https:\/\/www.scent.lv\/et\/privaatsuspoliitika\/\",\"url\":\"https:\/\/www.scent.lv\/et\/privaatsuspoliitika\/\",\"name\":\"Privaatsuspoliitika - Scent.lv\",\"isPartOf\":{\"@id\":\"https:\/\/scent.lv\/ru\/#website\"},\"datePublished\":\"2019-11-05T09:51:19+00:00\",\"dateModified\":\"2024-05-29T12:07:07+00:00\",\"breadcrumb\":{\"@id\":\"https:\/\/www.scent.lv\/et\/privaatsuspoliitika\/#breadcrumb\"},\"inLanguage\":\"et\",\"potentialAction\":[{\"@type\":\"ReadAction\",\"target\":[\"https:\/\/www.scent.lv\/et\/privaatsuspoliitika\/\"]}]},{\"@type\":\"BreadcrumbList\",\"@id\":\"https:\/\/www.scent.lv\/et\/privaatsuspoliitika\/#breadcrumb\",\"itemListElement\":[{\"@type\":\"ListItem\",\"position\":1,\"name\":\"Home\",\"item\":\"https:\/\/scent.lv\/et\/\"},{\"@type\":\"ListItem\",\"position\":2,\"name\":\"Privaatsuspoliitika\"}]},{\"@type\":\"WebSite\",\"@id\":\"https:\/\/scent.lv\/ru\/#website\",\"url\":\"https:\/\/scent.lv\/ru\/\",\"name\":\"Scent.lv\",\"description\":\"ScentAir Latvia - Inovat\u012bvais arom\u0101tu m\u0101rketings.\",\"potentialAction\":[{\"@type\":\"SearchAction\",\"target\":{\"@type\":\"EntryPoint\",\"urlTemplate\":\"https:\/\/scent.lv\/ru\/?s={search_term_string}\"},\"query-input\":\"required name=search_term_string\"}],\"inLanguage\":\"et\"}]}<\/script>\n<!-- \/ Yoast SEO plugin. -->","yoast_head_json":{"title":"Privaatsuspoliitika - Scent.lv","robots":{"index":"index","follow":"follow","max-snippet":"max-snippet:-1","max-image-preview":"max-image-preview:large","max-video-preview":"max-video-preview:-1"},"canonical":"https:\/\/www.scent.lv\/et\/privaatsuspoliitika\/","og_locale":"et_EE","og_type":"article","og_title":"Privaatsuspoliitika - Scent.lv","og_description":"Privaatsuspoliitika &nbsp; 1. \u00dclds\u00e4tted Veebilehte haldab Aroomiturundus O\u00dc (\u201eTeenusepakkuja\u201d). Teenusepakkuja t\u00e4idab kohaldatavaid \u00f5igusakte ning ei avalda Kasutajate ja teiste isikute andmeid ilma antud isiku loata v\u00f5i muu seadusel p\u00f5hineva aluseta. Teenusepakkuja t\u00f6\u00f6tleb vaid neid isikuandmeid, mis on vajalikud teenuse t\u00e4ielikuks teostamiseks ning kogume teavet, et pakkuda paremat teenust. Privaatsuspoliitikat kohaldatakse Teenusepakkuja pakutava Teenuse kasutajate (\u201eKasutaja\u201d) [&hellip;]","og_url":"https:\/\/www.scent.lv\/et\/privaatsuspoliitika\/","og_site_name":"Scent.lv","article_modified_time":"2024-05-29T12:07:07+00:00","twitter_card":"summary_large_image","schema":{"@context":"https:\/\/schema.org","@graph":[{"@type":"WebPage","@id":"https:\/\/www.scent.lv\/et\/privaatsuspoliitika\/","url":"https:\/\/www.scent.lv\/et\/privaatsuspoliitika\/","name":"Privaatsuspoliitika - Scent.lv","isPartOf":{"@id":"https:\/\/scent.lv\/ru\/#website"},"datePublished":"2019-11-05T09:51:19+00:00","dateModified":"2024-05-29T12:07:07+00:00","breadcrumb":{"@id":"https:\/\/www.scent.lv\/et\/privaatsuspoliitika\/#breadcrumb"},"inLanguage":"et","potentialAction":[{"@type":"ReadAction","target":["https:\/\/www.scent.lv\/et\/privaatsuspoliitika\/"]}]},{"@type":"BreadcrumbList","@id":"https:\/\/www.scent.lv\/et\/privaatsuspoliitika\/#breadcrumb","itemListElement":[{"@type":"ListItem","position":1,"name":"Home","item":"https:\/\/scent.lv\/et\/"},{"@type":"ListItem","position":2,"name":"Privaatsuspoliitika"}]},{"@type":"WebSite","@id":"https:\/\/scent.lv\/ru\/#website","url":"https:\/\/scent.lv\/ru\/","name":"Scent.lv","description":"ScentAir Latvia - Inovat\u012bvais arom\u0101tu m\u0101rketings.","potentialAction":[{"@type":"SearchAction","target":{"@type":"EntryPoint","urlTemplate":"https:\/\/scent.lv\/ru\/?s={search_term_string}"},"query-input":"required name=search_term_string"}],"inLanguage":"et"}]}},"_links":{"self":[{"href":"https:\/\/www.scent.lv\/et\/wp-json\/wp\/v2\/pages\/6281"}],"collection":[{"href":"https:\/\/www.scent.lv\/et\/wp-json\/wp\/v2\/pages"}],"about":[{"href":"https:\/\/www.scent.lv\/et\/wp-json\/wp\/v2\/types\/page"}],"author":[{"embeddable":true,"href":"https:\/\/www.scent.lv\/et\/wp-json\/wp\/v2\/users\/3"}],"replies":[{"embeddable":true,"href":"https:\/\/www.scent.lv\/et\/wp-json\/wp\/v2\/comments?post=6281"}],"version-history":[{"count":4,"href":"https:\/\/www.scent.lv\/et\/wp-json\/wp\/v2\/pages\/6281\/revisions"}],"predecessor-version":[{"id":7753,"href":"https:\/\/www.scent.lv\/et\/wp-json\/wp\/v2\/pages\/6281\/revisions\/7753"}],"wp:attachment":[{"href":"https:\/\/www.scent.lv\/et\/wp-json\/wp\/v2\/media?parent=6281"}],"curies":[{"name":"wp","href":"https:\/\/api.w.org\/{rel}","templated":true}]}}